{"id":415,"date":"2026-03-08T07:00:57","date_gmt":"2026-03-08T07:00:57","guid":{"rendered":"http:\/\/171studio.com\/?page_id=415"},"modified":"2026-03-08T09:04:35","modified_gmt":"2026-03-08T09:04:35","slug":"contact","status":"publish","type":"page","link":"https:\/\/171studio.com\/index.php\/contact\/","title":{"rendered":"Contact"},"content":{"rendered":"\n<div class=\"wp-block-group alignwide has-black-background-color has-background\" style=\"padding-top:6vw;padding-right:6vw;padding-bottom:6vw;padding-left:6vw\"><div class=\"wp-block-group__inner-container is-layout-constrained wp-container-core-group-is-layout-14d0c9c3 wp-block-group-is-layout-constrained\">\n<div class=\"wp-block-group is-vertical is-nowrap is-layout-flex wp-container-core-group-is-layout-287ef9cb wp-block-group-is-layout-flex\" style=\"padding-right:0;padding-left:0\">\n<h6 class=\"wp-block-heading has-accent-color has-text-color\" id=\"ecosystem\" style=\"font-size:16px\"><a href=\"https:\/\/171studio.com\/\" data-type=\"link\" data-id=\"https:\/\/171studio-ai.com\/\">Home<\/a><\/h6>\n\n\n\n<p class=\"has-white-color has-text-color\" style=\"font-size:76px;font-style:normal;font-weight:700;letter-spacing:0px;line-height:0.9;text-decoration:none;text-transform:none\">Mathieu Sechet<\/p>\n\n\n\n<p class=\"has-white-color has-text-color has-larger-font-size\">171 STUDIO<\/p>\n<\/div>\n\n\n\n<div class=\"wp-block-group alignwide is-vertical is-nowrap is-layout-flex wp-container-core-group-is-layout-8171334d wp-block-group-is-layout-flex\" style=\"padding-top:0;padding-right:0;padding-bottom:0;padding-left:0\">\n<div class=\"wp-block-columns alignwide is-layout-flex wp-container-core-columns-is-layout-724a882f wp-block-columns-is-layout-flex\">\n<div class=\"wp-block-column is-layout-flow wp-block-column-is-layout-flow\" style=\"flex-basis:1197px\">\n<p class=\"has-white-color has-text-color\" style=\"letter-spacing:0.1px\">Depuis 20 ans maintenant, et ce bien avant l&#8217;\u00e9mergence de l&#8217;Intelligence Artificielle, j&#8217;accompagne les plus grandes agences de publicit\u00e9 et de design ainsi que mes clients dans leurs communication print et digital. ( Havas, BETC, Dragon Rouge, Publicis, Lonsdale, Steve&#8230; ). J&#8217;apporte des r\u00e9ponses pertinentes associant enjeux marketing et cr\u00e9ativit\u00e9. Plong\u00e9 dans la marmite I.A depuis 2023, mon site d\u00e9di\u00e9 est visible ici :<\/p>\n\n\n\n<p class=\"has-accent-color has-text-color has-link-color wp-elements-d65ee96b86dc7285dcb8d1d1d30f52fb\"><a href=\"http:\/\/171studio-ai.com\" data-type=\"link\" data-id=\"171studio-ai.com\">171STUDIO-AI<\/a><\/p>\n<\/div>\n\n\n\n<div class=\"wp-block-column is-layout-flow wp-block-column-is-layout-flow\" style=\"flex-basis:1200px\">\n<p class=\"has-white-color has-text-color\">For 20 years now, well before the emergence of Artificial Intelligence, I&#8217;ve been supporting leading advertising and design agencies, as well as my clients, with their print and digital communications. ( Havas, BETC, Dragon Rouge, Publicis, Lonsdale, Steve&#8230; ). I provide relevant solutions that combine marketing objectives and creativity. Immersed in the world of AI since 2023, my dedicated website can be found here:<\/p>\n\n\n\n<p><a href=\"https:\/\/www.171studio.com\/\" data-type=\"link\" data-id=\"https:\/\/171studio-ai.com\/\" target=\"_blank\" rel=\"noreferrer noopener\"><\/a><a href=\"http:\/\/171studio-ai.com\" data-type=\"link\" data-id=\"171studio-ai.com\">171STUDIO-AI<\/a><\/p>\n<\/div>\n<\/div>\n<\/div>\n\n\n\n<div class=\"wp-block-group\"><div class=\"wp-block-group__inner-container is-layout-constrained wp-block-group-is-layout-constrained\">\n<div class=\"wp-block-group\"><div class=\"wp-block-group__inner-container is-layout-constrained wp-block-group-is-layout-constrained\">\n<h1 class=\"wp-block-heading has-white-color has-text-color\">CONTACTEZ-MOI \/ CONTACT ME<\/h1>\n\n\n\n<p><a href=\"mailto:contact171studio@gmail.com?subject=Question.\">contact171studio@gmail.com<\/a><\/p>\n\n\n\n<p class=\"has-white-color has-text-color\">+33 752 81 83 92<\/p>\n<\/div><\/div>\n<\/div><\/div>\n\n\n\n<p><\/p>\n<\/div><\/div>\n","protected":false},"excerpt":{"rendered":"<p>Home Mathieu Sechet 171 STUDIO Depuis 20 ans maintenant, et ce bien avant l&#8217;\u00e9mergence de l&#8217;Intelligence Artificielle, j&#8217;accompagne les plus grandes agences de publicit\u00e9 et de design ainsi que mes clients dans leurs communication print et digital. ( Havas, BETC, Dragon Rouge, Publicis, Lonsdale, Steve&#8230; ). J&#8217;apporte des r\u00e9ponses pertinentes associant enjeux marketing et cr\u00e9ativit\u00e9. [&hellip;]<\/p>\n","protected":false},"author":1,"featured_media":0,"parent":0,"menu_order":0,"comment_status":"closed","ping_status":"closed","template":"","meta":{"footnotes":""},"class_list":["post-415","page","type-page","status-publish","hentry"],"_links":{"self":[{"href":"https:\/\/171studio.com\/index.php\/wp-json\/wp\/v2\/pages\/415","targetHints":{"allow":["GET"]}}],"collection":[{"href":"https:\/\/171studio.com\/index.php\/wp-json\/wp\/v2\/pages"}],"about":[{"href":"https:\/\/171studio.com\/index.php\/wp-json\/wp\/v2\/types\/page"}],"author":[{"embeddable":true,"href":"https:\/\/171studio.com\/index.php\/wp-json\/wp\/v2\/users\/1"}],"replies":[{"embeddable":true,"href":"https:\/\/171studio.com\/index.php\/wp-json\/wp\/v2\/comments?post=415"}],"version-history":[{"count":12,"href":"https:\/\/171studio.com\/index.php\/wp-json\/wp\/v2\/pages\/415\/revisions"}],"predecessor-version":[{"id":434,"href":"https:\/\/171studio.com\/index.php\/wp-json\/wp\/v2\/pages\/415\/revisions\/434"}],"wp:attachment":[{"href":"https:\/\/171studio.com\/index.php\/wp-json\/wp\/v2\/media?parent=415"}],"curies":[{"name":"wp","href":"https:\/\/api.w.org\/{rel}","templated":true}]}}